{"id":1075,"date":"2021-02-08T16:23:26","date_gmt":"2021-02-08T15:23:26","guid":{"rendered":"http:\/\/mobelinde.com\/?page_id=1075"},"modified":"2022-09-20T14:27:26","modified_gmt":"2022-09-20T12:27:26","slug":"presupuestos","status":"publish","type":"page","link":"https:\/\/mobelinde.com\/cat\/presupuestos\/","title":{"rendered":"Sol\u00b7licitud de pressupost"},"content":{"rendered":"<p>[vc_row full_width=&#8221;stretch_row&#8221; css_animation=&#8221;fadeIn&#8221;][vc_column][vc_column_text css_animation=&#8221;fadeIn&#8221; el_class=&#8221;text-size-3&#8243; css=&#8221;.vc_custom_1612954584420{margin-top: 10px !important;padding-bottom: 20px !important;}&#8221;]<\/p>\n<h2 style=\"text-align: center;\">SOL\u00b7LICITUD DE PRESSUPOST<\/h2>\n<p>[\/vc_column_text][vc_column_text css_animation=&#8221;none&#8221; css=&#8221;.vc_custom_1663676824226{margin-bottom: 10px !important;}&#8221; el_class=&#8221;text-size-8&#8243;]Podem rebre les teves especificacions o visitar el teu espai per fer el teu pressupost al detall.<\/p>\n<p>Pots fer-nos arribar la descripci\u00f3 dels teus espais i mides generals, qualsevol dibuix o fotografia de la teva idea.<br \/>\nRevisarem el que ens envi\u00efs i ens posarem en contacte amb tu per ultimar detalls, assessorar-te des d&#8217;un inici en el teu projecte i sobretot aconseguir un pressupost amb la m\u00e0xima precisi\u00f3 possible, parlar de finan\u00e7ament i terminis si ho necessites, i tot de manera gratu\u00efta i sense cap comprom\u00eds.[\/vc_column_text][\/vc_column][\/vc_row][vc_row full_width=&#8221;stretch_row&#8221; content_placement=&#8221;middle&#8221; css_animation=&#8221;none&#8221; el_class=&#8221;text-size-8&#8243;][vc_column][vc_separator color=&#8221;custom&#8221; border_width=&#8221;7&#8243; el_width=&#8221;20&#8243; css_animation=&#8221;fadeInUp&#8221; accent_color=&#8221;#ff6600&#8243; css=&#8221;.vc_custom_1605744861754{margin-top: 80px !important;margin-bottom: 60px !important;}&#8221;][\/vc_column][vc_column width=&#8221;1\/2&#8243;][vc_single_image image=&#8221;1090&#8243; img_size=&#8221;full&#8221; alignment=&#8221;center&#8221; css_animation=&#8221;fadeIn&#8221; el_class=&#8221;padding-right-40&#8243;][\/vc_column][vc_column css_animation=&#8221;fadeIn&#8221; width=&#8221;1\/2&#8243;][vc_column_text css_animation=&#8221;none&#8221; el_class=&#8221;text-size-3&#8243;]\n<div class=\"wpcf7 no-js\" id=\"wpcf7-f1072-o1\" lang=\"es-AR\" dir=\"ltr\">\n<div class=\"screen-reader-response\"><p role=\"status\" aria-live=\"polite\" aria-atomic=\"true\"><\/p> <ul><\/ul><\/div>\n<form action=\"\/cat\/wp-json\/wp\/v2\/pages\/1075#wpcf7-f1072-o1\" method=\"post\" class=\"wpcf7-form init\" aria-label=\"Formulario de contacto\" novalidate=\"novalidate\" data-status=\"init\">\n<div style=\"display: none;\">\n<input type=\"hidden\" name=\"_wpcf7\" value=\"1072\" \/>\n<input type=\"hidden\" name=\"_wpcf7_version\" value=\"5.8.7\" \/>\n<input type=\"hidden\" name=\"_wpcf7_locale\" value=\"es_AR\" \/>\n<input type=\"hidden\" name=\"_wpcf7_unit_tag\" value=\"wpcf7-f1072-o1\" \/>\n<input type=\"hidden\" name=\"_wpcf7_container_post\" value=\"0\" \/>\n<input type=\"hidden\" name=\"_wpcf7_posted_data_hash\" value=\"\" \/>\n<input type=\"hidden\" name=\"lang\" value=\"cat\" \/>\n<input type=\"hidden\" name=\"_wpcf7_recaptcha_response\" value=\"\" \/>\n<\/div>\n<div class=\"campo\">\n\t<p>Nom i Cognom*:\n\t<\/p>\n\t<p><span class=\"wpcf7-form-control-wrap\" data-name=\"Nombre\"><input size=\"40\" class=\"wpcf7-form-control wpcf7-text wpcf7-validates-as-required\" aria-required=\"true\" aria-invalid=\"false\" value=\"\" type=\"text\" name=\"Nombre\" \/><\/span>\n\t<\/p>\n<\/div>\n<div class=\"campo\" style=\"padding:0\">\n<\/div>\n<div class=\"campo\" style=\"padding:0\">\n<\/div>\n<p>&nbsp;\n<\/p>\n<div class=\"campo\">\n\t<p>Poblaci\u00f3 i Codi Postal*:\n\t<\/p>\n\t<p><span class=\"wpcf7-form-control-wrap\" data-name=\"codigo\"><input size=\"40\" class=\"wpcf7-form-control wpcf7-text wpcf7-validates-as-required\" aria-required=\"true\" aria-invalid=\"false\" value=\"\" type=\"text\" name=\"codigo\" \/><\/span>\n\t<\/p>\n<\/div>\n<p>&nbsp;\n<\/p>\n<div class=\"campo\">\n\t<p>Correu electr\u00f2nic*:\n\t<\/p>\n\t<p><span class=\"wpcf7-form-control-wrap\" data-name=\"email-2\"><input size=\"40\" class=\"wpcf7-form-control wpcf7-email wpcf7-validates-as-required wpcf7-text wpcf7-validates-as-email\" aria-required=\"true\" aria-invalid=\"false\" value=\"\" type=\"email\" name=\"email-2\" \/><\/span>\n\t<\/p>\n<\/div>\n<p>&nbsp;\n<\/p>\n<div class=\"campo\">\n\t<p>Tel\u00e8fon:\n\t<\/p>\n\t<p><span class=\"wpcf7-form-control-wrap\" data-name=\"tel-362\"><input size=\"40\" class=\"wpcf7-form-control wpcf7-tel wpcf7-text wpcf7-validates-as-tel\" aria-invalid=\"false\" value=\"\" type=\"tel\" name=\"tel-362\" \/><\/span>\n\t<\/p>\n<\/div>\n<p>&nbsp;\n<\/p>\n<div class=\"campo\">\n\t<p>Producte*:\n\t<\/p>\n\t<p><span class=\"wpcf7-form-control-wrap\" data-name=\"producto\"><span class=\"wpcf7-form-control wpcf7-checkbox wpcf7-validates-as-required wpcf7-exclusive-checkbox\"><span class=\"wpcf7-list-item first\"><label><input type=\"checkbox\" name=\"producto\" value=\"Armarios\" \/><span class=\"wpcf7-list-item-label\">Armarios<\/span><\/label><\/span><span class=\"wpcf7-list-item\"><label><input type=\"checkbox\" name=\"producto\" value=\"Juveniles\" \/><span class=\"wpcf7-list-item-label\">Juveniles<\/span><\/label><\/span><span class=\"wpcf7-list-item\"><label><input type=\"checkbox\" name=\"producto\" value=\"Salones\" \/><span class=\"wpcf7-list-item-label\">Salones<\/span><\/label><\/span><span class=\"wpcf7-list-item\"><label><input type=\"checkbox\" name=\"producto\" value=\"Dormitorios\" \/><span class=\"wpcf7-list-item-label\">Dormitorios<\/span><\/label><\/span><span class=\"wpcf7-list-item\"><label><input type=\"checkbox\" name=\"producto\" value=\"Sof\u00e1s\" \/><span class=\"wpcf7-list-item-label\">Sof\u00e1s<\/span><\/label><\/span><span class=\"wpcf7-list-item\"><label><input type=\"checkbox\" name=\"producto\" value=\"Oficina en casa\" \/><span class=\"wpcf7-list-item-label\">Oficina en casa<\/span><\/label><\/span><span class=\"wpcf7-list-item\"><label><input type=\"checkbox\" name=\"producto\" value=\"Profesional\" \/><span class=\"wpcf7-list-item-label\">Profesional<\/span><\/label><\/span><span class=\"wpcf7-list-item\"><label><input type=\"checkbox\" name=\"producto\" value=\"Recibidores\" \/><span class=\"wpcf7-list-item-label\">Recibidores<\/span><\/label><\/span><span class=\"wpcf7-list-item\"><label><input type=\"checkbox\" name=\"producto\" value=\"Lavabos\" \/><span class=\"wpcf7-list-item-label\">Lavabos<\/span><\/label><\/span><span class=\"wpcf7-list-item last\"><label><input type=\"checkbox\" name=\"producto\" value=\"Sillas Gaming\" \/><span class=\"wpcf7-list-item-label\">Sillas Gaming<\/span><\/label><\/span><\/span><\/span>\n\t<\/p>\n<\/div>\n<p>&nbsp;\n<\/p>\n<div class=\"campo\">\n\t<p>Comentaris\n\t<\/p>\n\t<p><span class=\"wpcf7-form-control-wrap\" data-name=\"Comentarios\"><textarea cols=\"40\" rows=\"10\" class=\"wpcf7-form-control wpcf7-textarea\" aria-invalid=\"false\" name=\"Comentarios\"><\/textarea><\/span>\n\t<\/p>\n<\/div>\n<p>&nbsp;\n<\/p>\n<div class=\"campo\">\n\t<p class=\"text-size-9\"><span class=\"wpcf7-form-control-wrap\" data-name=\"termino1\"><span class=\"wpcf7-form-control wpcf7-acceptance\"><span class=\"wpcf7-list-item\"><label><input type=\"checkbox\" name=\"termino1\" value=\"1\" aria-invalid=\"false\" \/><span class=\"wpcf7-list-item-label\">Estic d'acord amb <a href=\"http:\/\/www.mobelinde.com\/cat\/avisos-legales\"> Termes Legals<\/a> i la <a href = \"http:\/\/www.mobelinde.com\/cat\/politica-de-privacidad\" > Pol\u00edtica de Privadesa<\/a><\/span><\/label><\/span><\/span><\/span><br \/>\n&nbsp;\n\t<\/p>\n\t<div class=\"camp text-size-10\">\n\t\t<p>Les dades que proporcionar\u00e0 per a la utilitzaci\u00f3 de el present servei seran incorporades a un fitxer automatitzat de dades de car\u00e0cter personal responsabilitat de Mobelinde d\u00b4acord amb el que estableix l'article 4 de la Llei de Protecci\u00f3 de Dades. El fet que faciliti les dades sol\u00b7licitades suposa el seu expr\u00e9s consentiment a la transfer\u00e8ncia de les seves dades a l'responsable de l'tractament, aix\u00ed com al que estipula la pol\u00edtica de protecci\u00f3 de dades de el present lloc web.\n\t\t<\/p>\n\t<\/div>\n\t<p>&nbsp;\n\t<\/p>\n\t<div class=\"campo\">\n\t\t<p><input class=\"wpcf7-form-control wpcf7-submit has-spinner\" type=\"submit\" value=\"Enviar\" \/>\n\t\t<\/p>\n\t<\/div>\n<\/div><div class=\"wpcf7-response-output\" aria-hidden=\"true\"><\/div>\n<\/form>\n<\/div>\n[\/vc_column_text][\/vc_column][\/vc_row][vc_row full_width=&#8221;stretch_row&#8221;][vc_column offset=&#8221;vc_col-md-offset-2 vc_col-md-8 vc_col-sm-offset-0 vc_col-xs-offset-1 vc_col-xs-10&#8243;][vc_column_text css_animation=&#8221;fadeIn&#8221; el_class=&#8221;cita&#8221;]<\/p>\n<h4>Un pressupost prec\u00eds i ben fet, \u00e9s l&#8217;inici d&#8217;un projecte ordenat.<\/h4>\n<p>[\/vc_column_text][\/vc_column][\/vc_row]<\/p>\n","protected":false},"excerpt":{"rendered":"<p>[vc_row full_width=&#8221;stretch_row&#8221; css_animation=&#8221;fadeIn&#8221;][vc_column][vc_column_text css_animation=&#8221;fadeIn&#8221; el_class=&#8221;text-size-3&#8243; css=&#8221;.vc_custom_1612954584420{margin-top: 10px !important;padding-bottom: 20px !important;}&#8221;] SOL\u00b7LICITUD DE PRESSUPOST [\/vc_column_text][vc_column_text css_animation=&#8221;none&#8221; css=&#8221;.vc_custom_1663676824226{margin-bottom: 10px !important;}&#8221; el_class=&#8221;text-size-8&#8243;]Podem rebre les teves especificacions o visitar el teu espai per fer el teu pressupost al detall. Pots fer-nos arribar la descripci\u00f3 dels teus espais i mides generals, qualsevol dibuix o fotografia de la teva idea. Revisarem [&hellip;]<\/p>\n","protected":false},"author":2,"featured_media":0,"parent":0,"menu_order":0,"comment_status":"closed","ping_status":"closed","template":"","meta":{"footnotes":"","_joinchat":[]},"_links":{"self":[{"href":"https:\/\/mobelinde.com\/cat\/wp-json\/wp\/v2\/pages\/1075"}],"collection":[{"href":"https:\/\/mobelinde.com\/cat\/wp-json\/wp\/v2\/pages"}],"about":[{"href":"https:\/\/mobelinde.com\/cat\/wp-json\/wp\/v2\/types\/page"}],"author":[{"embeddable":true,"href":"https:\/\/mobelinde.com\/cat\/wp-json\/wp\/v2\/users\/2"}],"replies":[{"embeddable":true,"href":"https:\/\/mobelinde.com\/cat\/wp-json\/wp\/v2\/comments?post=1075"}],"version-history":[{"count":21,"href":"https:\/\/mobelinde.com\/cat\/wp-json\/wp\/v2\/pages\/1075\/revisions"}],"predecessor-version":[{"id":1180,"href":"https:\/\/mobelinde.com\/cat\/wp-json\/wp\/v2\/pages\/1075\/revisions\/1180"}],"wp:attachment":[{"href":"https:\/\/mobelinde.com\/cat\/wp-json\/wp\/v2\/media?parent=1075"}],"curies":[{"name":"wp","href":"https:\/\/api.w.org\/{rel}","templated":true}]}}