{"id":322,"date":"2020-11-18T21:24:44","date_gmt":"2020-11-18T20:24:44","guid":{"rendered":"http:\/\/mobelinde.com\/?page_id=322"},"modified":"2022-09-19T13:38:41","modified_gmt":"2022-09-19T11:38:41","slug":"juvenil","status":"publish","type":"page","link":"https:\/\/mobelinde.com\/cat\/catalogo\/juvenil\/","title":{"rendered":"Juvenils"},"content":{"rendered":"<p>[vc_section][vc_row][vc_column][vc_column_text]<\/p>\n<h1 style=\"text-align: center;\"><strong>JUVENILS<\/strong><\/h1>\n<p>[\/vc_column_text][vc_separator color=&#8221;custom&#8221; border_width=&#8221;5&#8243; el_width=&#8221;30&#8243; css_animation=&#8221;bounceIn&#8221; accent_color=&#8221;#f28100&#8243; css=&#8221;.vc_custom_1611084258029{margin-top: -15px !important;}&#8221;][vc_column_text]Vine a veure&#8217;ns, explica&#8217;ns la teva idea i t&#8217;ajudarem a fer-la realitat. Amb nosaltres tots els estils s\u00f3n al teu abast. Amb les teves mides, un esb\u00f3s o una fotografia del que t&#8217;agrada ens posarem a treballar. Perqu\u00e8 a m\u00e9s de fabricants som distribu\u00efdors de les millors marques per oferir-te el millor dels serveis. Atreveix-te a fer-ho possible!!!![\/vc_column_text][\/vc_column][\/vc_row][vc_row][vc_column width=&#8221;1\/3&#8243;][vc_single_image image=&#8221;383&#8243; img_size=&#8221;full&#8221; onclick=&#8221;custom_link&#8221; img_link_target=&#8221;_blank&#8221; css_animation=&#8221;fadeIn&#8221; link=&#8221;http:\/\/mobelinde.com\/catalogo\/juvenil\/abatibles&#8221;][\/vc_column][vc_column width=&#8221;1\/3&#8243;][vc_single_image image=&#8221;384&#8243; img_size=&#8221;full&#8221; onclick=&#8221;custom_link&#8221; img_link_target=&#8221;_blank&#8221; css_animation=&#8221;fadeIn&#8221; link=&#8221;http:\/\/mobelinde.com\/catalogo\/juvenil\/compactos&#8221;][\/vc_column][vc_column width=&#8221;1\/3&#8243;][vc_single_image image=&#8221;385&#8243; img_size=&#8221;full&#8221; onclick=&#8221;custom_link&#8221; img_link_target=&#8221;_blank&#8221; css_animation=&#8221;flipInX&#8221; link=&#8221;http:\/\/mobelinde.com\/catalogo\/juvenil\/cunas&#8221;][\/vc_column][\/vc_row][vc_row][vc_column width=&#8221;1\/3&#8243;][vc_single_image image=&#8221;386&#8243; img_size=&#8221;full&#8221; onclick=&#8221;custom_link&#8221; img_link_target=&#8221;_blank&#8221; css_animation=&#8221;fadeIn&#8221; link=&#8221;http:\/\/mobelinde.com\/catalogo\/juvenil\/literas-blocks&#8221;][\/vc_column][vc_column width=&#8221;1\/3&#8243;][vc_single_image image=&#8221;387&#8243; img_size=&#8221;full&#8221; onclick=&#8221;custom_link&#8221; img_link_target=&#8221;_blank&#8221; css_animation=&#8221;slideInUp&#8221; link=&#8221;http:\/\/mobelinde.com\/catalogo\/juvenil\/nidos&#8221;][\/vc_column][\/vc_row][\/vc_section]<\/p>\n","protected":false},"excerpt":{"rendered":"<p>[vc_section][vc_row][vc_column][vc_column_text] JUVENILS [\/vc_column_text][vc_separator color=&#8221;custom&#8221; border_width=&#8221;5&#8243; el_width=&#8221;30&#8243; css_animation=&#8221;bounceIn&#8221; accent_color=&#8221;#f28100&#8243; css=&#8221;.vc_custom_1611084258029{margin-top: -15px !important;}&#8221;][vc_column_text]Vine a veure&#8217;ns, explica&#8217;ns la teva idea i t&#8217;ajudarem a fer-la realitat. Amb nosaltres tots els estils s\u00f3n al teu abast. Amb les teves mides, un esb\u00f3s o una fotografia del que t&#8217;agrada ens posarem a treballar. Perqu\u00e8 a m\u00e9s de fabricants som distribu\u00efdors de [&hellip;]<\/p>\n","protected":false},"author":1,"featured_media":0,"parent":324,"menu_order":0,"comment_status":"closed","ping_status":"closed","template":"","meta":{"footnotes":"","_joinchat":[]},"_links":{"self":[{"href":"https:\/\/mobelinde.com\/cat\/wp-json\/wp\/v2\/pages\/322"}],"collection":[{"href":"https:\/\/mobelinde.com\/cat\/wp-json\/wp\/v2\/pages"}],"about":[{"href":"https:\/\/mobelinde.com\/cat\/wp-json\/wp\/v2\/types\/page"}],"author":[{"embeddable":true,"href":"https:\/\/mobelinde.com\/cat\/wp-json\/wp\/v2\/users\/1"}],"replies":[{"embeddable":true,"href":"https:\/\/mobelinde.com\/cat\/wp-json\/wp\/v2\/comments?post=322"}],"version-history":[{"count":30,"href":"https:\/\/mobelinde.com\/cat\/wp-json\/wp\/v2\/pages\/322\/revisions"}],"predecessor-version":[{"id":1155,"href":"https:\/\/mobelinde.com\/cat\/wp-json\/wp\/v2\/pages\/322\/revisions\/1155"}],"up":[{"embeddable":true,"href":"https:\/\/mobelinde.com\/cat\/wp-json\/wp\/v2\/pages\/324"}],"wp:attachment":[{"href":"https:\/\/mobelinde.com\/cat\/wp-json\/wp\/v2\/media?parent=322"}],"curies":[{"name":"wp","href":"https:\/\/api.w.org\/{rel}","templated":true}]}}