{"id":36,"date":"2020-10-01T17:53:01","date_gmt":"2020-10-01T20:53:01","guid":{"rendered":"http:\/\/mobelinde.com\/?page_id=36"},"modified":"2021-01-29T12:53:56","modified_gmt":"2021-01-29T11:53:56","slug":"comprar-en-mobelinde","status":"publish","type":"page","link":"https:\/\/mobelinde.com\/cat\/comprar-en-mobelinde\/","title":{"rendered":"Mobelinde"},"content":{"rendered":"<p>[vc_row full_width=&#8221;stretch_row&#8221; css_animation=&#8221;fadeIn&#8221;][vc_column][vc_column_text css_animation=&#8221;fadeIn&#8221; el_class=&#8221;text-size-3&#8243; css=&#8221;.vc_custom_1611920898630{margin-top: 10px !important;padding-bottom: 20px !important;}&#8221;]<\/p>\n<h2 style=\"text-align: center;\">BENEFICIS D&#8217;UNA COMPRA SEGURA<\/h2>\n<p>[\/vc_column_text][vc_row_inner][vc_column_inner width=&#8221;1\/4&#8243; offset=&#8221;vc_col-md-2&#8243;][vc_single_image image=&#8221;295&#8243; img_size=&#8221;full&#8221; alignment=&#8221;center&#8221; css_animation=&#8221;none&#8221;][\/vc_column_inner][vc_column_inner width=&#8221;3\/4&#8243; offset=&#8221;vc_col-md-9&#8243;][vc_column_text]<strong>QUALITAT MATERIAL I CONSTRUCTIVA<\/strong>:\u00a0 No nom\u00e9s ens encarreguem de que la qualitat dels materials sigui la millor de mercat, amb superf\u00edcies resistents i duradores, sin\u00f3 que a m\u00e9s les unions, encastis i muntatges tamb\u00e9 estan dissenyats i fabricats perqu\u00e8 siguin mobles a mida robustos i fiables.[\/vc_column_text][\/vc_column_inner][\/vc_row_inner][vc_row_inner][vc_column_inner width=&#8221;1\/4&#8243; offset=&#8221;vc_col-md-2&#8243;][vc_single_image image=&#8221;296&#8243; img_size=&#8221;full&#8221; alignment=&#8221;center&#8221; css_animation=&#8221;none&#8221;][\/vc_column_inner][vc_column_inner width=&#8221;3\/4&#8243; offset=&#8221;vc_col-md-9&#8243;][vc_column_text]<strong>LLIURAMENT SEGUR I R\u00c0PID<\/strong>: En els temps actuals m\u00e9s que mai la log\u00edstica \u00e9s un punt fonamental en el nostre sistema comercial, per aix\u00f2 t&#8217;assegurem un transport dels teus mobles amb totes les mesures de seguretat, per a lliurar-ho tot en temps i forma.[\/vc_column_text][\/vc_column_inner][\/vc_row_inner][vc_row_inner][vc_column_inner width=&#8221;1\/4&#8243; offset=&#8221;vc_col-md-2&#8243;][vc_single_image image=&#8221;297&#8243; img_size=&#8221;full&#8221; alignment=&#8221;center&#8221; css_animation=&#8221;none&#8221;][\/vc_column_inner][vc_column_inner width=&#8221;3\/4&#8243; offset=&#8221;vc_col-md-9&#8243;][vc_column_text]<strong>MUNTATGE PROFESSIONAL<\/strong>: Un cop a casa teva o espai on ubicar els mobles, s\u00f3n molts els factors que poden influir en el correcte muntatge dels teus mobles a mida. Per a aix\u00f2 comptem amb professionals muntadors que deixaran tot perfectament muntat, cuidant tots els detalls&#8230; sempre.[\/vc_column_text][\/vc_column_inner][\/vc_row_inner][vc_row_inner][vc_column_inner width=&#8221;1\/4&#8243; offset=&#8221;vc_col-md-2&#8243;][vc_single_image image=&#8221;298&#8243; img_size=&#8221;full&#8221; alignment=&#8221;center&#8221; css_animation=&#8221;none&#8221;][\/vc_column_inner][vc_column_inner width=&#8221;3\/4&#8243; offset=&#8221;vc_col-md-9&#8243;][vc_column_text]<strong>EL MILLOR SERVEI POST VENDA<\/strong>: I una vegada que tot est\u00e0 lliurat i muntat en el teu domicili &#8230; que? Doncs que Mobelinde seguir\u00e0 a disposici\u00f3 per qualsevol inquietud sobre la teva compra, des de l&#8217;administratiu i \/ o comercial fins per temes t\u00e8cnics t&#8217;atendrem com el primer dia.[\/vc_column_text][\/vc_column_inner][\/vc_row_inner][vc_row_inner][vc_column_inner width=&#8221;1\/4&#8243; offset=&#8221;vc_col-md-2&#8243;][vc_single_image image=&#8221;1008&#8243; img_size=&#8221;full&#8221; alignment=&#8221;center&#8221; css_animation=&#8221;none&#8221;][\/vc_column_inner][vc_column_inner width=&#8221;3\/4&#8243; offset=&#8221;vc_col-md-9&#8243;][vc_column_text]<strong>TOTES LES GARANTIES DE SEGURETAT<\/strong>: I per descomptat no descuidarem cap mesura de seguretat sanit\u00e0ria, des de la fabricaci\u00f3, passant pel armat dels vostres comandes, la log\u00edstica fins el muntatge, Mobelinde estar\u00e0 pendent sempre de totes les mesures de seguretat i atenent les restriccions o condicionants de moment.[\/vc_column_text][\/vc_column_inner][\/vc_row_inner][\/vc_column][\/vc_row][vc_row full_width=&#8221;stretch_row&#8221; content_placement=&#8221;middle&#8221; css_animation=&#8221;none&#8221; el_class=&#8221;text-size-8&#8243;][vc_column][vc_separator color=&#8221;custom&#8221; border_width=&#8221;7&#8243; el_width=&#8221;20&#8243; css_animation=&#8221;fadeInUp&#8221; accent_color=&#8221;#ff6600&#8243; css=&#8221;.vc_custom_1605744861754{margin-top: 80px !important;margin-bottom: 60px !important;}&#8221;][\/vc_column][vc_column width=&#8221;1\/2&#8243;][vc_single_image image=&#8221;304&#8243; img_size=&#8221;full&#8221; alignment=&#8221;center&#8221; css_animation=&#8221;fadeIn&#8221; el_class=&#8221;padding-right-40&#8243;][\/vc_column][vc_column css_animation=&#8221;fadeIn&#8221; width=&#8221;1\/2&#8243;][vc_column_text css_animation=&#8221;none&#8221; el_class=&#8221;text-size-3&#8243;]<\/p>\n<h2>Per qu\u00e8 mobles a mida?<\/h2>\n<p>[\/vc_column_text][vc_column_text css_animation=&#8221;none&#8221; css=&#8221;.vc_custom_1611921178518{margin-bottom: 10px !important;}&#8221; el_class=&#8221;text-size-8&#8243;]Si toca estar a casa, millor feli\u00e7os, si toca estar una mica m\u00e9s a casa, que sigui com volem. En Mobelinde com en tot el planeta, hem passat m\u00e9s temps a casa i hem valorat l&#8217;important d&#8217;estar a gust, c\u00f2modes i amb en confort que un bon conjunt de mobles a mida ens pot donar.<\/p>\n<p>Els espais als que \u00e9rem indiferents han cobrat major import\u00e0ncia, hem tingut el temps i l&#8217;atenci\u00f3 en aquests detalls que mai mirem, per\u00f2 sobretot hem buscat estar c\u00f2modes, perqu\u00e8 moltes coses han canviat, ara ens cal treballar a casa &#8230; des de casa , compartir m\u00e9s amb els nens, viure m\u00e9s les nostres llars.<\/p>\n<p>Per tot aix\u00f2 Mobelinde t&#8217;ofereix ara m\u00e9s que mai solucions en disseny i funcionalitat, perqu\u00e8 els teus mobles a mida tinguin el protagonisme que aquest nou m\u00f3n els d\u00f3na. I tu, ja has posat la teva casa com la vols?[\/vc_column_text][\/vc_column][\/vc_row][vc_row full_width=&#8221;stretch_row&#8221;][vc_column offset=&#8221;vc_col-md-offset-2 vc_col-md-8 vc_col-sm-offset-0 vc_col-xs-offset-1 vc_col-xs-10&#8243;][vc_column_text css_animation=&#8221;fadeIn&#8221; el_class=&#8221;cita&#8221;]<\/p>\n<h4>Si toca estar a casa, millor feli\u00e7os, si toca estar una mica m\u00e9s a casa, que sigui com volem.<\/h4>\n<p>[\/vc_column_text][\/vc_column][\/vc_row][vc_row full_width=&#8221;stretch_row_content_no_spaces&#8221; css=&#8221;.vc_custom_1605745326659{margin-top: 40px !important;}&#8221;][vc_column][vc_single_image image=&#8221;313&#8243; img_size=&#8221;full&#8221; alignment=&#8221;center&#8221; css_animation=&#8221;fadeIn&#8221;][\/vc_column][\/vc_row][vc_row full_width=&#8221;stretch_row&#8221; content_placement=&#8221;middle&#8221; css_animation=&#8221;none&#8221; el_class=&#8221;text-size-8&#8243;][vc_column][vc_separator color=&#8221;custom&#8221; border_width=&#8221;7&#8243; el_width=&#8221;20&#8243; css_animation=&#8221;fadeInUp&#8221; accent_color=&#8221;#ff6600&#8243; css=&#8221;.vc_custom_1605744861754{margin-top: 80px !important;margin-bottom: 60px !important;}&#8221;][\/vc_column][vc_column css_animation=&#8221;fadeIn&#8221; width=&#8221;1\/2&#8243; el_class=&#8221;padding-right-40&#8243;][vc_column_text css_animation=&#8221;none&#8221; el_class=&#8221;text-size-3&#8243;]<\/p>\n<h2>Part de la vida de les persones.<\/h2>\n<p>[\/vc_column_text][vc_column_text css_animation=&#8221;none&#8221; css=&#8221;.vc_custom_1611921227100{margin-bottom: 10px !important;}&#8221; el_class=&#8221;text-size-8&#8243;]En Mobelinde, a l&#8217;iniciar el proc\u00e9s de disseny, intentem sempre analitzar i donar-li import\u00e0ncia a les coses del dia a dia, no perdre de vista el que \u00e9s veritable prioritat en les nostres vides, que els nostres mobles a mida seran part i contribuiran a gaudir de aquests moments que ens omplen de vida al costat dels qui m\u00e9s estimem.<\/p>\n<p>&#8220;Productes i serveis equilibrats entre disseny, qualitat i funcionalitat&#8221;, aquest \u00e9s el nostre objectiu, aquesta \u00e9s la nostra obsessi\u00f3. Realitzar b\u00e9 la nostra feina perqu\u00e8 som conscients que el que surt de la nostra f\u00e0brica formar\u00e0 part de la vida de les persones, sortir\u00e0 en aquestes fotos familiars, formaran part d&#8217;una hist\u00f2ria.<\/p>\n<p>Vine a Mobelinde, et cuidarem abans, durant i despr\u00e9s de la teva compra.[\/vc_column_text][\/vc_column][vc_column width=&#8221;1\/2&#8243;][vc_single_image image=&#8221;311&#8243; img_size=&#8221;full&#8221; alignment=&#8221;center&#8221; css_animation=&#8221;fadeIn&#8221;][\/vc_column][\/vc_row]<\/p>\n","protected":false},"excerpt":{"rendered":"<p>[vc_row full_width=&#8221;stretch_row&#8221; css_animation=&#8221;fadeIn&#8221;][vc_column][vc_column_text css_animation=&#8221;fadeIn&#8221; el_class=&#8221;text-size-3&#8243; css=&#8221;.vc_custom_1611920898630{margin-top: 10px !important;padding-bottom: 20px !important;}&#8221;] BENEFICIS D&#8217;UNA COMPRA SEGURA [\/vc_column_text][vc_row_inner][vc_column_inner width=&#8221;1\/4&#8243; offset=&#8221;vc_col-md-2&#8243;][vc_single_image image=&#8221;295&#8243; img_size=&#8221;full&#8221; alignment=&#8221;center&#8221; css_animation=&#8221;none&#8221;][\/vc_column_inner][vc_column_inner width=&#8221;3\/4&#8243; offset=&#8221;vc_col-md-9&#8243;][vc_column_text]QUALITAT MATERIAL I CONSTRUCTIVA:\u00a0 No nom\u00e9s ens encarreguem de que la qualitat dels materials sigui la millor de mercat, amb superf\u00edcies resistents i duradores, sin\u00f3 que a m\u00e9s les unions, encastis i muntatges [&hellip;]<\/p>\n","protected":false},"author":1,"featured_media":0,"parent":0,"menu_order":0,"comment_status":"closed","ping_status":"closed","template":"","meta":{"footnotes":"","_joinchat":[]},"_links":{"self":[{"href":"https:\/\/mobelinde.com\/cat\/wp-json\/wp\/v2\/pages\/36"}],"collection":[{"href":"https:\/\/mobelinde.com\/cat\/wp-json\/wp\/v2\/pages"}],"about":[{"href":"https:\/\/mobelinde.com\/cat\/wp-json\/wp\/v2\/types\/page"}],"author":[{"embeddable":true,"href":"https:\/\/mobelinde.com\/cat\/wp-json\/wp\/v2\/users\/1"}],"replies":[{"embeddable":true,"href":"https:\/\/mobelinde.com\/cat\/wp-json\/wp\/v2\/comments?post=36"}],"version-history":[{"count":29,"href":"https:\/\/mobelinde.com\/cat\/wp-json\/wp\/v2\/pages\/36\/revisions"}],"predecessor-version":[{"id":1017,"href":"https:\/\/mobelinde.com\/cat\/wp-json\/wp\/v2\/pages\/36\/revisions\/1017"}],"wp:attachment":[{"href":"https:\/\/mobelinde.com\/cat\/wp-json\/wp\/v2\/media?parent=36"}],"curies":[{"name":"wp","href":"https:\/\/api.w.org\/{rel}","templated":true}]}}