{"id":552,"date":"2021-01-20T17:15:29","date_gmt":"2021-01-20T16:15:29","guid":{"rendered":"http:\/\/mobelinde.com\/?page_id=552"},"modified":"2022-09-19T13:11:25","modified_gmt":"2022-09-19T11:11:25","slug":"armarios","status":"publish","type":"page","link":"https:\/\/mobelinde.com\/cat\/catalogo\/armarios\/","title":{"rendered":"Armaris"},"content":{"rendered":"<p>[vc_section][vc_row][vc_column][vc_column_text]<\/p>\n<h1 style=\"text-align: center;\"><strong>ARMARIS \/ VESTIDORS<\/strong><\/h1>\n<p>[\/vc_column_text][vc_separator color=&#8221;custom&#8221; border_width=&#8221;5&#8243; el_width=&#8221;30&#8243; css_animation=&#8221;bounceIn&#8221; accent_color=&#8221;#f28100&#8243; css=&#8221;.vc_custom_1611084258029{margin-top: -15px !important;}&#8221;][vc_column_text]Si el que necessites \u00e9s un bon armari ets al lloc correcte. M\u00e9s de 35 anys al servei dels nostres clients ens abalen. Podem optimitzar al m\u00e0xim els teus espais amb un producte de qualitat i uns acabats incre\u00efbles. Vine a veure&#8217;ns i podr\u00e0s triar entre diferents possibilitats o dissenyar el teu propi vestidor o armari triant el tipus de portes, el color, els tiradors, els miralls, amb llum led\u2026 Tu decideixes!!![\/vc_column_text][\/vc_column][\/vc_row][vc_row][vc_column width=&#8221;1\/3&#8243;][vc_single_image image=&#8221;645&#8243; img_size=&#8221;full&#8221; onclick=&#8221;custom_link&#8221; img_link_target=&#8221;_blank&#8221; css_animation=&#8221;fadeIn&#8221; link=&#8221;http:\/\/mobelinde.com\/catalogo\/armarios\/batientes&#8221;][\/vc_column][vc_column width=&#8221;1\/3&#8243;][vc_single_image image=&#8221;646&#8243; img_size=&#8221;full&#8221; onclick=&#8221;custom_link&#8221; img_link_target=&#8221;_blank&#8221; css_animation=&#8221;fadeIn&#8221; link=&#8221;http:\/\/mobelinde.com\/catalogo\/armarios\/correderas&#8221;][\/vc_column][vc_column width=&#8221;1\/3&#8243;][vc_single_image image=&#8221;647&#8243; img_size=&#8221;full&#8221; onclick=&#8221;custom_link&#8221; img_link_target=&#8221;_blank&#8221; css_animation=&#8221;flipInX&#8221; link=&#8221;http:\/\/mobelinde.com\/catalogo\/armarios\/interiores&#8221;][\/vc_column][\/vc_row][vc_row][vc_column width=&#8221;1\/3&#8243;][vc_single_image image=&#8221;648&#8243; img_size=&#8221;full&#8221; onclick=&#8221;custom_link&#8221; img_link_target=&#8221;_blank&#8221; css_animation=&#8221;fadeIn&#8221; link=&#8221;http:\/\/mobelinde.com\/catalogo\/armarios\/vestidores&#8221;][\/vc_column][\/vc_row][\/vc_section]<\/p>\n","protected":false},"excerpt":{"rendered":"<p>[vc_section][vc_row][vc_column][vc_column_text] ARMARIS \/ VESTIDORS [\/vc_column_text][vc_separator color=&#8221;custom&#8221; border_width=&#8221;5&#8243; el_width=&#8221;30&#8243; css_animation=&#8221;bounceIn&#8221; accent_color=&#8221;#f28100&#8243; css=&#8221;.vc_custom_1611084258029{margin-top: -15px !important;}&#8221;][vc_column_text]Si el que necessites \u00e9s un bon armari ets al lloc correcte. M\u00e9s de 35 anys al servei dels nostres clients ens abalen. Podem optimitzar al m\u00e0xim els teus espais amb un producte de qualitat i uns acabats incre\u00efbles. Vine a veure&#8217;ns i [&hellip;]<\/p>\n","protected":false},"author":2,"featured_media":0,"parent":324,"menu_order":0,"comment_status":"closed","ping_status":"closed","template":"","meta":{"footnotes":"","_joinchat":[]},"_links":{"self":[{"href":"https:\/\/mobelinde.com\/cat\/wp-json\/wp\/v2\/pages\/552"}],"collection":[{"href":"https:\/\/mobelinde.com\/cat\/wp-json\/wp\/v2\/pages"}],"about":[{"href":"https:\/\/mobelinde.com\/cat\/wp-json\/wp\/v2\/types\/page"}],"author":[{"embeddable":true,"href":"https:\/\/mobelinde.com\/cat\/wp-json\/wp\/v2\/users\/2"}],"replies":[{"embeddable":true,"href":"https:\/\/mobelinde.com\/cat\/wp-json\/wp\/v2\/comments?post=552"}],"version-history":[{"count":8,"href":"https:\/\/mobelinde.com\/cat\/wp-json\/wp\/v2\/pages\/552\/revisions"}],"predecessor-version":[{"id":1145,"href":"https:\/\/mobelinde.com\/cat\/wp-json\/wp\/v2\/pages\/552\/revisions\/1145"}],"up":[{"embeddable":true,"href":"https:\/\/mobelinde.com\/cat\/wp-json\/wp\/v2\/pages\/324"}],"wp:attachment":[{"href":"https:\/\/mobelinde.com\/cat\/wp-json\/wp\/v2\/media?parent=552"}],"curies":[{"name":"wp","href":"https:\/\/api.w.org\/{rel}","templated":true}]}}