{"id":760,"date":"2021-01-22T11:40:51","date_gmt":"2021-01-22T10:40:51","guid":{"rendered":"http:\/\/mobelinde.com\/?page_id=760"},"modified":"2022-09-19T15:12:31","modified_gmt":"2022-09-19T13:12:31","slug":"salones","status":"publish","type":"page","link":"https:\/\/mobelinde.com\/cat\/catalogo\/salones\/","title":{"rendered":"Salons"},"content":{"rendered":"<p>[vc_section][vc_row][vc_column][vc_column_text]<\/p>\n<h1 style=\"text-align: center;\"><strong>SALONS<\/strong><\/h1>\n<p>[\/vc_column_text][vc_separator color=&#8221;custom&#8221; border_width=&#8221;5&#8243; el_width=&#8221;30&#8243; css_animation=&#8221;bounceIn&#8221; accent_color=&#8221;#f28100&#8243; css=&#8221;.vc_custom_1611084258029{margin-top: -15px !important;}&#8221;][vc_column_text]Ja saps com t&#8217;agradaria que fos el teu sal\u00f3? o no saps per on comen\u00e7ar?<br \/>\nSigui quina sigui la teva resposta vine a veure&#8217;ns<br \/>\nT&#8217;oferirem diferents possibilitats perqu\u00e8 puguis crear l&#8217;ambient perfecte per a tu i els teus. Combina estils, colors i productes de les millors marques.<br \/>\nCrearem la teva composici\u00f3 a mida perqu\u00e8 no tots els espais s\u00f3n iguals.[\/vc_column_text][\/vc_column][\/vc_row][vc_row][vc_column width=&#8221;1\/3&#8243;][vc_single_image image=&#8221;761&#8243; img_size=&#8221;full&#8221; onclick=&#8221;custom_link&#8221; img_link_target=&#8221;_blank&#8221; css_animation=&#8221;fadeIn&#8221; link=&#8221;http:\/\/mobelinde.com\/catalogo\/salones\/aparadores&#8221;][\/vc_column][vc_column width=&#8221;1\/3&#8243;][vc_single_image image=&#8221;764&#8243; img_size=&#8221;full&#8221; onclick=&#8221;custom_link&#8221; img_link_target=&#8221;_blank&#8221; css_animation=&#8221;fadeIn&#8221; link=&#8221;http:\/\/mobelinde.com\/catalogo\/salones\/comedores&#8221;][\/vc_column][vc_column width=&#8221;1\/3&#8243;][vc_single_image image=&#8221;765&#8243; img_size=&#8221;full&#8221; onclick=&#8221;custom_link&#8221; img_link_target=&#8221;_blank&#8221; css_animation=&#8221;flipInX&#8221; link=&#8221;http:\/\/mobelinde.com\/catalogo\/salones\/mesas-y-sillas&#8221;][\/vc_column][\/vc_row][vc_row][vc_column width=&#8221;1\/3&#8243;][vc_single_image image=&#8221;766&#8243; img_size=&#8221;full&#8221; onclick=&#8221;custom_link&#8221; img_link_target=&#8221;_blank&#8221; css_animation=&#8221;fadeIn&#8221; link=&#8221;http:\/\/mobelinde.com\/catalogo\/salones\/mesas-de-centro&#8221;][\/vc_column][vc_column width=&#8221;1\/3&#8243;][vc_single_image image=&#8221;767&#8243; img_size=&#8221;full&#8221; onclick=&#8221;custom_link&#8221; img_link_target=&#8221;_blank&#8221; css_animation=&#8221;fadeIn&#8221; link=&#8221;http:\/\/mobelinde.com\/catalogo\/salones\/muebles-tv&#8221;][\/vc_column][\/vc_row][\/vc_section]<\/p>\n","protected":false},"excerpt":{"rendered":"<p>[vc_section][vc_row][vc_column][vc_column_text] SALONS [\/vc_column_text][vc_separator color=&#8221;custom&#8221; border_width=&#8221;5&#8243; el_width=&#8221;30&#8243; css_animation=&#8221;bounceIn&#8221; accent_color=&#8221;#f28100&#8243; css=&#8221;.vc_custom_1611084258029{margin-top: -15px !important;}&#8221;][vc_column_text]Ja saps com t&#8217;agradaria que fos el teu sal\u00f3? o no saps per on comen\u00e7ar? Sigui quina sigui la teva resposta vine a veure&#8217;ns T&#8217;oferirem diferents possibilitats perqu\u00e8 puguis crear l&#8217;ambient perfecte per a tu i els teus. Combina estils, colors i productes de les [&hellip;]<\/p>\n","protected":false},"author":2,"featured_media":0,"parent":324,"menu_order":0,"comment_status":"closed","ping_status":"closed","template":"","meta":{"footnotes":"","_joinchat":[]},"_links":{"self":[{"href":"https:\/\/mobelinde.com\/cat\/wp-json\/wp\/v2\/pages\/760"}],"collection":[{"href":"https:\/\/mobelinde.com\/cat\/wp-json\/wp\/v2\/pages"}],"about":[{"href":"https:\/\/mobelinde.com\/cat\/wp-json\/wp\/v2\/types\/page"}],"author":[{"embeddable":true,"href":"https:\/\/mobelinde.com\/cat\/wp-json\/wp\/v2\/users\/2"}],"replies":[{"embeddable":true,"href":"https:\/\/mobelinde.com\/cat\/wp-json\/wp\/v2\/comments?post=760"}],"version-history":[{"count":6,"href":"https:\/\/mobelinde.com\/cat\/wp-json\/wp\/v2\/pages\/760\/revisions"}],"predecessor-version":[{"id":1167,"href":"https:\/\/mobelinde.com\/cat\/wp-json\/wp\/v2\/pages\/760\/revisions\/1167"}],"up":[{"embeddable":true,"href":"https:\/\/mobelinde.com\/cat\/wp-json\/wp\/v2\/pages\/324"}],"wp:attachment":[{"href":"https:\/\/mobelinde.com\/cat\/wp-json\/wp\/v2\/media?parent=760"}],"curies":[{"name":"wp","href":"https:\/\/api.w.org\/{rel}","templated":true}]}}